{"id":10288,"date":"2023-09-11T16:02:12","date_gmt":"2023-09-11T14:02:12","guid":{"rendered":"https:\/\/carathotels.com\/?page_id=10288"},"modified":"2025-07-04T07:37:04","modified_gmt":"2025-07-04T05:37:04","slug":"rhine-wine-voucher","status":"publish","type":"page","link":"https:\/\/carathotels.com\/en\/ruedesheim\/rhine-wine-voucher\/","title":{"rendered":"Rhine wine voucher"},"content":{"rendered":"<div id='av_section_1'  class='avia-section av-6cqm8l-3f5c54e049f5d0ec0ab16f27c4fd4e52 main_color avia-section-default avia-no-border-styling  avia-builder-el-0  el_before_av_section  avia-builder-el-first  lead avia-bg-style-scroll container_wrap fullsize'  ><div class='container av-section-cont-open' ><main  role=\"main\" itemprop=\"mainContentOfPage\"  class='template-page content  av-content-full alpha units'><div class='post-entry post-entry-type-page post-entry-10288'><div class='entry-content-wrapper clearfix'>\n\n<style type=\"text\/css\" data-created_by=\"avia_inline_auto\" id=\"style-css-av-68uttx-5f97d7f1e58bc035396c3ae1982df00d\">\n.flex_column.av-68uttx-5f97d7f1e58bc035396c3ae1982df00d{\nborder-radius:0px 0px 0px 0px;\npadding:0px 0px 0px 0px;\n}\n<\/style>\n<div  class='flex_column av-68uttx-5f97d7f1e58bc035396c3ae1982df00d av_one_full  avia-builder-el-1  avia-builder-el-no-sibling  first flex_column_div av-zero-column-padding  '     ><section  class='av_textblock_section av-l8ygd00j-e4fff817889b53923c11c4a746da109f '   itemscope=\"itemscope\" itemtype=\"https:\/\/schema.org\/CreativeWork\" ><div class='avia_textblock breadcrumbs'  itemprop=\"text\" ><div class=\"breadcrumb breadcrumbs avia-breadcrumbs\"><div class=\"breadcrumb-trail\" ><span class=\"trail-before\"><span class=\"breadcrumb-title\">You are here:<\/span><\/span> <span  itemscope=\"itemscope\" itemtype=\"https:\/\/schema.org\/BreadcrumbList\" ><span  itemscope=\"itemscope\" itemtype=\"https:\/\/schema.org\/ListItem\" itemprop=\"itemListElement\" ><a itemprop=\"url\" href=\"https:\/\/carathotels.com\/en\/\" title=\"carathotels\" rel=\"home\" class=\"trail-begin\"><span itemprop=\"name\">Home<\/span><\/a><span itemprop=\"position\" class=\"hidden\">1<\/span><\/span><\/span><\/div><\/div>\n<\/div><\/section><\/div>\n\n<\/div><\/div><\/main><!-- close content main element --><\/div><\/div><div id='av_section_2'  class='avia-section av-l9sa53lb-d43c93d9b558701bac17decee1e39d2f main_color avia-section-default avia-no-border-styling  avia-builder-el-3  el_after_av_section  avia-builder-el-last  rooms avia-bg-style-scroll container_wrap fullsize'  ><div class='container av-section-cont-open' ><div class='template-page content  av-content-full alpha units'><div class='post-entry post-entry-type-page post-entry-10288'><div class='entry-content-wrapper clearfix'>\n<div class='flex_column_table av-47ekkg-2355709315afb225bb56fe04361cab57 sc-av_two_fifth av-break-at-tablet-flextable av-equal-height-column-flextable'><div  class='flex_column av-47ekkg-2355709315afb225bb56fe04361cab57 av_two_fifth  avia-builder-el-4  el_before_av_three_fifth  avia-builder-el-first  first av-break-at-tablet flex_column_table_cell av-equal-height-column av-align-top  '     ><style type=\"text\/css\" data-created_by=\"avia_inline_auto\" id=\"style-css-av-l9sa137m-1411b661be1a566d7520e465d1d221bc\">\n#top .avia-gallery.av-l9sa137m-1411b661be1a566d7520e465d1d221bc .avia-gallery-thumb a{\nwidth:20%;\n}\n<\/style>\n<div  class='avia-gallery av-l9sa137m-1411b661be1a566d7520e465d1d221bc avia_animate_when_visible  avia-builder-el-5  avia-builder-el-no-sibling  animations_off av-slideshow-ui av-loop-manual-endless av-control-hidden av-navigate-arrows hover-effect av-control-hidden avia-gallery-1'  itemprop=\"image\" itemscope=\"itemscope\" itemtype=\"https:\/\/schema.org\/ImageObject\" ><meta itemprop=\"contentURL\" content=\"https:\/\/carathotels.com\/en\/ruedesheim\/rhine-wine-voucher\/\"><div class='avia-gallery-big-wrapper'><a class='avia-gallery-big fakeLightbox lightbox avia-gallery-big-crop-thumb ' href=\"https:\/\/carathotels.com\/wp-content\/uploads\/2023\/09\/130.Ruedesheim-1623x1080.png\" data-srcset=\"https:\/\/carathotels.com\/wp-content\/uploads\/2023\/09\/130.Ruedesheim-1623x1080.png 1623w, https:\/\/carathotels.com\/wp-content\/uploads\/2023\/09\/130.Ruedesheim-1024x682.png 1024w, https:\/\/carathotels.com\/wp-content\/uploads\/2023\/09\/130.Ruedesheim-768x511.png 768w, https:\/\/carathotels.com\/wp-content\/uploads\/2023\/09\/130.Ruedesheim-1536x1022.png 1536w, https:\/\/carathotels.com\/wp-content\/uploads\/2023\/09\/130.Ruedesheim-2048x1363.png 2048w, https:\/\/carathotels.com\/wp-content\/uploads\/2023\/09\/130.Ruedesheim-1920x1278.png 1920w, https:\/\/carathotels.com\/wp-content\/uploads\/2023\/09\/130.Ruedesheim-705x469.png 705w\" data-sizes=\"(max-width: 1500px) 100vw, 1500px\"  data-onclick='1' title='130.R\u00fcdesheim' ><span class='avia-gallery-big-inner'  itemprop=\"thumbnailUrl\" ><img decoding=\"async\" fetchpriority=\"high\" class=\"wp-image-10230 avia-img-lazy-loading-not-10230\"  width=\"495\" height=\"400\" src=\"https:\/\/carathotels.com\/wp-content\/uploads\/2023\/09\/130.Ruedesheim-495x400.png\" title='130.R\u00fcdesheim' alt='R\u00fcdesheim Frau mit Weinglas' srcset=\"https:\/\/carathotels.com\/wp-content\/uploads\/2023\/09\/130.Ruedesheim-495x400.png 495w, https:\/\/carathotels.com\/wp-content\/uploads\/2023\/09\/130.Ruedesheim-845x684.png 845w\" sizes=\"(max-width: 495px) 100vw, 495px\" \/><\/span><\/a><\/div><div class='avia-gallery-thumb'><a href=\"https:\/\/carathotels.com\/wp-content\/uploads\/2023\/09\/130.Ruedesheim-1623x1080.png\" data-srcset=\"https:\/\/carathotels.com\/wp-content\/uploads\/2023\/09\/130.Ruedesheim-1623x1080.png 1623w, https:\/\/carathotels.com\/wp-content\/uploads\/2023\/09\/130.Ruedesheim-1024x682.png 1024w, https:\/\/carathotels.com\/wp-content\/uploads\/2023\/09\/130.Ruedesheim-768x511.png 768w, https:\/\/carathotels.com\/wp-content\/uploads\/2023\/09\/130.Ruedesheim-1536x1022.png 1536w, https:\/\/carathotels.com\/wp-content\/uploads\/2023\/09\/130.Ruedesheim-2048x1363.png 2048w, https:\/\/carathotels.com\/wp-content\/uploads\/2023\/09\/130.Ruedesheim-1920x1278.png 1920w, https:\/\/carathotels.com\/wp-content\/uploads\/2023\/09\/130.Ruedesheim-705x469.png 705w\" data-sizes=\"(max-width: 1500px) 100vw, 1500px\" data-rel='gallery-1' data-prev-img='https:\/\/carathotels.com\/wp-content\/uploads\/2023\/09\/130.Ruedesheim-495x400.png' class='first_thumb lightbox ' data-onclick='1' title='130.R\u00fcdesheim'  itemprop=\"thumbnailUrl\"  ><img decoding=\"async\" fetchpriority=\"high\" class=\"wp-image-10230 avia-img-lazy-loading-not-10230\"   src=\"https:\/\/carathotels.com\/wp-content\/uploads\/2023\/09\/130.Ruedesheim-495x400.png\" width=\"495\" height=\"400\"  title='130.R\u00fcdesheim' alt='R\u00fcdesheim Frau mit Weinglas' srcset=\"https:\/\/carathotels.com\/wp-content\/uploads\/2023\/09\/130.Ruedesheim-495x400.png 495w, https:\/\/carathotels.com\/wp-content\/uploads\/2023\/09\/130.Ruedesheim-845x684.png 845w\" sizes=\"(max-width: 495px) 100vw, 495px\" \/><div class='big-prev-fake'><img decoding=\"async\" loading=\"lazy\" class=\"wp-image-10230 avia-img-lazy-loading-10230\"  width=\"495\" height=\"400\" src=\"https:\/\/carathotels.com\/wp-content\/uploads\/2023\/09\/130.Ruedesheim-495x400.png\" title='130.R\u00fcdesheim' alt='R\u00fcdesheim Frau mit Weinglas' srcset=\"https:\/\/carathotels.com\/wp-content\/uploads\/2023\/09\/130.Ruedesheim-495x400.png 495w, https:\/\/carathotels.com\/wp-content\/uploads\/2023\/09\/130.Ruedesheim-845x684.png 845w\" sizes=\"auto, (max-width: 495px) 100vw, 495px\" \/><\/div><\/a><a href=\"https:\/\/carathotels.com\/wp-content\/uploads\/2022\/11\/027.Ruedesheim-1623x1080.jpg\" data-srcset=\"https:\/\/carathotels.com\/wp-content\/uploads\/2022\/11\/027.Ruedesheim-1623x1080.jpg 1623w, https:\/\/carathotels.com\/wp-content\/uploads\/2022\/11\/027.Ruedesheim-1024x682.jpg 1024w, https:\/\/carathotels.com\/wp-content\/uploads\/2022\/11\/027.Ruedesheim-768x511.jpg 768w, https:\/\/carathotels.com\/wp-content\/uploads\/2022\/11\/027.Ruedesheim-1536x1022.jpg 1536w, https:\/\/carathotels.com\/wp-content\/uploads\/2022\/11\/027.Ruedesheim-2048x1363.jpg 2048w, https:\/\/carathotels.com\/wp-content\/uploads\/2022\/11\/027.Ruedesheim-1920x1278.jpg 1920w, https:\/\/carathotels.com\/wp-content\/uploads\/2022\/11\/027.Ruedesheim-705x469.jpg 705w\" data-sizes=\"(max-width: 1500px) 100vw, 1500px\" data-rel='gallery-1' data-prev-img='https:\/\/carathotels.com\/wp-content\/uploads\/2022\/11\/027.Ruedesheim-495x400.jpg' class='lightbox ' data-onclick='2' title='027.R\u00fcdesheim'  itemprop=\"thumbnailUrl\"  ><img decoding=\"async\" fetchpriority=\"high\" class=\"wp-image-2246 avia-img-lazy-loading-not-2246\"   src=\"https:\/\/carathotels.com\/wp-content\/uploads\/2022\/11\/027.Ruedesheim-495x400.jpg\" width=\"495\" height=\"400\"  title='027.R\u00fcdesheim' alt='Hotel R\u00fcdesheim Innenstadt' srcset=\"https:\/\/carathotels.com\/wp-content\/uploads\/2022\/11\/027.Ruedesheim-495x400.jpg 495w, https:\/\/carathotels.com\/wp-content\/uploads\/2022\/11\/027.Ruedesheim-845x684.jpg 845w\" sizes=\"(max-width: 495px) 100vw, 495px\" \/><div class='big-prev-fake'><img decoding=\"async\" loading=\"lazy\" class=\"wp-image-2246 avia-img-lazy-loading-2246\"  width=\"495\" height=\"400\" src=\"https:\/\/carathotels.com\/wp-content\/uploads\/2022\/11\/027.Ruedesheim-495x400.jpg\" title='027.R\u00fcdesheim' alt='Hotel R\u00fcdesheim Innenstadt' srcset=\"https:\/\/carathotels.com\/wp-content\/uploads\/2022\/11\/027.Ruedesheim-495x400.jpg 495w, https:\/\/carathotels.com\/wp-content\/uploads\/2022\/11\/027.Ruedesheim-845x684.jpg 845w\" sizes=\"auto, (max-width: 495px) 100vw, 495px\" \/><\/div><\/a><a href=\"https:\/\/carathotels.com\/wp-content\/uploads\/2023\/09\/229.Ruedesheim-1623x1080.png\" data-srcset=\"https:\/\/carathotels.com\/wp-content\/uploads\/2023\/09\/229.Ruedesheim-1623x1080.png 1623w, https:\/\/carathotels.com\/wp-content\/uploads\/2023\/09\/229.Ruedesheim-1024x682.png 1024w, https:\/\/carathotels.com\/wp-content\/uploads\/2023\/09\/229.Ruedesheim-768x511.png 768w, https:\/\/carathotels.com\/wp-content\/uploads\/2023\/09\/229.Ruedesheim-1536x1022.png 1536w, https:\/\/carathotels.com\/wp-content\/uploads\/2023\/09\/229.Ruedesheim-2048x1363.png 2048w, https:\/\/carathotels.com\/wp-content\/uploads\/2023\/09\/229.Ruedesheim-1920x1278.png 1920w, https:\/\/carathotels.com\/wp-content\/uploads\/2023\/09\/229.Ruedesheim-705x469.png 705w\" data-sizes=\"(max-width: 1500px) 100vw, 1500px\" data-rel='gallery-1' data-prev-img='https:\/\/carathotels.com\/wp-content\/uploads\/2023\/09\/229.Ruedesheim-495x400.png' class='lightbox ' data-onclick='3' title='229.R\u00fcdesheim'  itemprop=\"thumbnailUrl\"  ><img decoding=\"async\" fetchpriority=\"high\" class=\"wp-image-10228 avia-img-lazy-loading-not-10228\"   src=\"https:\/\/carathotels.com\/wp-content\/uploads\/2023\/09\/229.Ruedesheim-495x400.png\" width=\"495\" height=\"400\"  title='229.R\u00fcdesheim' alt='R\u00fcdesheim Frau im Weinanbaugebiet' srcset=\"https:\/\/carathotels.com\/wp-content\/uploads\/2023\/09\/229.Ruedesheim-495x400.png 495w, https:\/\/carathotels.com\/wp-content\/uploads\/2023\/09\/229.Ruedesheim-845x684.png 845w\" sizes=\"(max-width: 495px) 100vw, 495px\" \/><div class='big-prev-fake'><img decoding=\"async\" loading=\"lazy\" class=\"wp-image-10228 avia-img-lazy-loading-10228\"  width=\"495\" height=\"400\" src=\"https:\/\/carathotels.com\/wp-content\/uploads\/2023\/09\/229.Ruedesheim-495x400.png\" title='229.R\u00fcdesheim' alt='R\u00fcdesheim Frau im Weinanbaugebiet' srcset=\"https:\/\/carathotels.com\/wp-content\/uploads\/2023\/09\/229.Ruedesheim-495x400.png 495w, https:\/\/carathotels.com\/wp-content\/uploads\/2023\/09\/229.Ruedesheim-845x684.png 845w\" sizes=\"auto, (max-width: 495px) 100vw, 495px\" \/><\/div><\/a><a href=\"https:\/\/carathotels.com\/wp-content\/uploads\/2023\/09\/217.Ruedesheim-1623x1080.png\" data-srcset=\"https:\/\/carathotels.com\/wp-content\/uploads\/2023\/09\/217.Ruedesheim-1623x1080.png 1623w, https:\/\/carathotels.com\/wp-content\/uploads\/2023\/09\/217.Ruedesheim-1024x682.png 1024w, https:\/\/carathotels.com\/wp-content\/uploads\/2023\/09\/217.Ruedesheim-768x511.png 768w, https:\/\/carathotels.com\/wp-content\/uploads\/2023\/09\/217.Ruedesheim-1536x1022.png 1536w, https:\/\/carathotels.com\/wp-content\/uploads\/2023\/09\/217.Ruedesheim-2048x1363.png 2048w, https:\/\/carathotels.com\/wp-content\/uploads\/2023\/09\/217.Ruedesheim-1920x1278.png 1920w, https:\/\/carathotels.com\/wp-content\/uploads\/2023\/09\/217.Ruedesheim-705x469.png 705w\" data-sizes=\"(max-width: 1500px) 100vw, 1500px\" data-rel='gallery-1' data-prev-img='https:\/\/carathotels.com\/wp-content\/uploads\/2023\/09\/217.Ruedesheim-495x400.png' class='lightbox ' data-onclick='4' title='217.R\u00fcdesheim'  itemprop=\"thumbnailUrl\"  ><img decoding=\"async\" fetchpriority=\"high\" class=\"wp-image-10226 avia-img-lazy-loading-not-10226\"   src=\"https:\/\/carathotels.com\/wp-content\/uploads\/2023\/09\/217.Ruedesheim-495x400.png\" width=\"495\" height=\"400\"  title='217.R\u00fcdesheim' alt='R\u00fcdesheim Frau und Mann genie\u00dfen Ihre Getr\u00e4nke' srcset=\"https:\/\/carathotels.com\/wp-content\/uploads\/2023\/09\/217.Ruedesheim-495x400.png 495w, https:\/\/carathotels.com\/wp-content\/uploads\/2023\/09\/217.Ruedesheim-845x684.png 845w\" sizes=\"(max-width: 495px) 100vw, 495px\" \/><div class='big-prev-fake'><img decoding=\"async\" loading=\"lazy\" class=\"wp-image-10226 avia-img-lazy-loading-10226\"  width=\"495\" height=\"400\" src=\"https:\/\/carathotels.com\/wp-content\/uploads\/2023\/09\/217.Ruedesheim-495x400.png\" title='217.R\u00fcdesheim' alt='R\u00fcdesheim Frau und Mann genie\u00dfen Ihre Getr\u00e4nke' srcset=\"https:\/\/carathotels.com\/wp-content\/uploads\/2023\/09\/217.Ruedesheim-495x400.png 495w, https:\/\/carathotels.com\/wp-content\/uploads\/2023\/09\/217.Ruedesheim-845x684.png 845w\" sizes=\"auto, (max-width: 495px) 100vw, 495px\" \/><\/div><\/a><\/div><\/div><\/div><div class='av-flex-placeholder'><\/div><div  class='flex_column av-v1kzi0-19de133b5e56a14b06aefa3a10380b5e av_three_fifth  avia-builder-el-6  el_after_av_two_fifth  avia-builder-el-last  av-break-at-tablet flex_column_table_cell av-equal-height-column av-align-top  '     ><section  class='av_textblock_section av-l9s9qulg-cb50951cac34c3107ab87e86a8e04311 '   itemscope=\"itemscope\" itemtype=\"https:\/\/schema.org\/CreativeWork\" ><div class='avia_textblock'  itemprop=\"text\" ><h2>Rhine Wine Offer<\/h2>\n<p><strong>Experience the most beautiful sides of R\u00fcdesheim<\/strong><\/p>\n<p>Services:<\/p>\n<ul>\n<li>2 nights in a double room for 2 people<\/li>\n<li>caratbreakfast Breakfast<\/li>\n<li>welcome surprise<\/li>\n<li>a bottle of Rheingau wine<\/li>\n<li>free WiFi<\/li>\n<\/ul>\n<p><strong>From 189\u20ac <\/strong><\/p>\n<p>The offer can be booked directly online and is also available as a voucher (the voucher can be redeemed subject to availability, exclusion dates possible, valid for 3 years from date of issue)<\/p>\n<p><strong>Order a voucher<\/strong> by telephone at +49 (0) 6722 4190 000 or by <a href=\"&#x6d;&#x61;&#x69;&#x6c;&#x74;&#x6f;&#x3a;&#x72;&#x75;&#x65;&#x64;&#x65;&#x73;&#x68;&#x65;&#x69;&#x6d;&#x40;&#x63;&#x61;&#x72;&#x61;&#116;&#104;&#111;&#116;&#101;&#108;&#115;&#46;&#100;&#101;\">e-mail<\/a>.<\/p>\n<\/div><\/section><br \/>\n<div  class='avia-button-wrap av-lsa3rqaz-7efcdb956e61047dee782da22c7b20bf-wrap avia-button-center  avia-builder-el-8  el_after_av_textblock  avia-builder-el-last '><a href='https:\/\/direct-book.com\/carat-hotel-ruedesheim\/properties\/hoteltraubedirect?locale=en&amp;promocode=RWW &amp;action=quick_availability&amp;utm_source=website&amp;utm_medium=button&amp;utm_campaign=click_main_navi_rud&amp;hotel=hoteltraubedirect&amp;checkInDate=2024-03-01&amp;checkOutDate=2024-03-03&amp;send=book%20now'  class='avia-button av-lsa3rqaz-7efcdb956e61047dee782da22c7b20bf av-link-btn avia-icon_select-no avia-size-small avia-position-center avia-color-theme-color'  target=\"_blank\"  rel=\"noopener noreferrer\"  aria-label=\"Book now\"><span class='avia_iconbox_title' >Book now<\/span><\/a><\/div><\/p><\/div><\/div><!--close column table wrapper. Autoclose: 1 -->\n","protected":false},"excerpt":{"rendered":"","protected":false},"author":9,"featured_media":0,"parent":3448,"menu_order":0,"comment_status":"closed","ping_status":"closed","template":"","meta":{"inline_featured_image":false,"_uf_show_specific_survey":0,"_uf_disable_surveys":false,"footnotes":""},"class_list":["post-10288","page","type-page","status-publish","hentry"],"yoast_head":"<!-- This site is optimized with the Yoast SEO plugin v27.3 - https:\/\/yoast.com\/product\/yoast-seo-wordpress\/ -->\n<title>Hoteltraube R\u00fcdesheim | Rhine Wine Voucher<\/title>\n<meta name=\"description\" content=\"Give the gift of wonderful days for two in R\u00fcdesheim, incl. Welcome-Surprise, a bottle of wine and 2 nights with breakfast.\" \/>\n<meta name=\"robots\" content=\"index, follow, max-snippet:-1, max-image-preview:large, max-video-preview:-1\" \/>\n<link rel=\"canonical\" href=\"https:\/\/carathotels.com\/en\/ruedesheim\/rhine-wine-voucher\/\" \/>\n<meta property=\"og:locale\" content=\"en_US\" \/>\n<meta property=\"og:type\" content=\"article\" \/>\n<meta property=\"og:title\" content=\"Hoteltraube R\u00fcdesheim | Rhine Wine Voucher\" \/>\n<meta property=\"og:description\" content=\"Give the gift of wonderful days for two in R\u00fcdesheim, incl. Welcome-Surprise, a bottle of wine and 2 nights with breakfast.\" \/>\n<meta property=\"og:url\" content=\"https:\/\/carathotels.com\/en\/ruedesheim\/rhine-wine-voucher\/\" \/>\n<meta property=\"og:site_name\" content=\"carathotels\" \/>\n<meta property=\"article:modified_time\" content=\"2025-07-04T05:37:04+00:00\" \/>\n<meta name=\"twitter:card\" content=\"summary_large_image\" \/>\n<meta name=\"twitter:label1\" content=\"Est. reading time\" \/>\n\t<meta name=\"twitter:data1\" content=\"3 minutes\" \/>\n<!-- \/ Yoast SEO plugin. -->","yoast_head_json":{"title":"Hoteltraube R\u00fcdesheim | Rhine Wine Voucher","description":"Give the gift of wonderful days for two in R\u00fcdesheim, incl. Welcome-Surprise, a bottle of wine and 2 nights with breakfast.","robots":{"index":"index","follow":"follow","max-snippet":"max-snippet:-1","max-image-preview":"max-image-preview:large","max-video-preview":"max-video-preview:-1"},"canonical":"https:\/\/carathotels.com\/en\/ruedesheim\/rhine-wine-voucher\/","og_locale":"en_US","og_type":"article","og_title":"Hoteltraube R\u00fcdesheim | Rhine Wine Voucher","og_description":"Give the gift of wonderful days for two in R\u00fcdesheim, incl. Welcome-Surprise, a bottle of wine and 2 nights with breakfast.","og_url":"https:\/\/carathotels.com\/en\/ruedesheim\/rhine-wine-voucher\/","og_site_name":"carathotels","article_modified_time":"2025-07-04T05:37:04+00:00","twitter_card":"summary_large_image","twitter_misc":{"Est. reading time":"3 minutes"},"schema":{"@context":"https:\/\/schema.org","@graph":[{"@type":"WebPage","@id":"https:\/\/carathotels.com\/en\/ruedesheim\/rhine-wine-voucher\/","url":"https:\/\/carathotels.com\/en\/ruedesheim\/rhine-wine-voucher\/","name":"Hoteltraube R\u00fcdesheim | Rhine Wine Voucher","isPartOf":{"@id":"https:\/\/carathotels.com\/en\/#website"},"datePublished":"2023-09-11T14:02:12+00:00","dateModified":"2025-07-04T05:37:04+00:00","description":"Give the gift of wonderful days for two in R\u00fcdesheim, incl. Welcome-Surprise, a bottle of wine and 2 nights with breakfast.","breadcrumb":{"@id":"https:\/\/carathotels.com\/en\/ruedesheim\/rhine-wine-voucher\/#breadcrumb"},"inLanguage":"en-US","potentialAction":[{"@type":"ReadAction","target":["https:\/\/carathotels.com\/en\/ruedesheim\/rhine-wine-voucher\/"]}]},{"@type":"BreadcrumbList","@id":"https:\/\/carathotels.com\/en\/ruedesheim\/rhine-wine-voucher\/#breadcrumb","itemListElement":[{"@type":"ListItem","position":1,"name":"Startseite","item":"https:\/\/carathotels.com\/en\/hotels\/"},{"@type":"ListItem","position":2,"name":"R\u00fcdesheim","item":"https:\/\/carathotels.com\/en\/ruedesheim\/"},{"@type":"ListItem","position":3,"name":"Offers in R\u00fcdesheim","item":"https:\/\/carathotels.com\/en\/ruedesheim\/offers\/"},{"@type":"ListItem","position":4,"name":"Rhine wine voucher"}]},{"@type":"WebSite","@id":"https:\/\/carathotels.com\/en\/#website","url":"https:\/\/carathotels.com\/en\/","name":"carathotels","description":"","potentialAction":[{"@type":"SearchAction","target":{"@type":"EntryPoint","urlTemplate":"https:\/\/carathotels.com\/en\/?s={search_term_string}"},"query-input":{"@type":"PropertyValueSpecification","valueRequired":true,"valueName":"search_term_string"}}],"inLanguage":"en-US"}]}},"publishpress_future_action":{"enabled":false,"date":"2026-04-17 21:59:48","action":"change-status","newStatus":"draft","terms":[],"taxonomy":"translation_priority","extraData":[]},"publishpress_future_workflow_manual_trigger":{"enabledWorkflows":[]},"_links":{"self":[{"href":"https:\/\/carathotels.com\/en\/wp-json\/wp\/v2\/pages\/10288","targetHints":{"allow":["GET"]}}],"collection":[{"href":"https:\/\/carathotels.com\/en\/wp-json\/wp\/v2\/pages"}],"about":[{"href":"https:\/\/carathotels.com\/en\/wp-json\/wp\/v2\/types\/page"}],"author":[{"embeddable":true,"href":"https:\/\/carathotels.com\/en\/wp-json\/wp\/v2\/users\/9"}],"replies":[{"embeddable":true,"href":"https:\/\/carathotels.com\/en\/wp-json\/wp\/v2\/comments?post=10288"}],"version-history":[{"count":60,"href":"https:\/\/carathotels.com\/en\/wp-json\/wp\/v2\/pages\/10288\/revisions"}],"predecessor-version":[{"id":12931,"href":"https:\/\/carathotels.com\/en\/wp-json\/wp\/v2\/pages\/10288\/revisions\/12931"}],"up":[{"embeddable":true,"href":"https:\/\/carathotels.com\/en\/wp-json\/wp\/v2\/pages\/3448"}],"wp:attachment":[{"href":"https:\/\/carathotels.com\/en\/wp-json\/wp\/v2\/media?parent=10288"}],"curies":[{"name":"wp","href":"https:\/\/api.w.org\/{rel}","templated":true}]}}